{"id":44,"date":"2025-09-23T17:21:23","date_gmt":"2025-09-23T17:21:23","guid":{"rendered":"https:\/\/bydlowa.pl\/?page_id=44"},"modified":"2025-10-27T09:27:56","modified_gmt":"2025-10-27T09:27:56","slug":"historia","status":"publish","type":"page","link":"https:\/\/bydlowa.pl\/index.php\/historia\/","title":{"rendered":"Historia"},"content":{"rendered":"\n<p>Byd\u0142owa powsta\u0142a razem z Ole\u015bnic\u0105, osad\u0105 woj\u00f3w jako wie\u015b s\u0142u\u017cebna. Zadaniem jej by\u0142a hodowla byd\u0142a. Byd\u0142owa zaopatrywa\u0142a rycerzy w produkty \u017cywno\u015bciowe i rzecz najistotniejsz\u0105, w suszone jelita zwierz\u0119ce s\u0142u\u017c\u0105ce do produkcji wszelkiego rodzaju kuszy.<br>Stan prawny wioski zmienia si\u0119 w roku 1421, \u201ew dniu \u015bwi\u0119tej Doroty\u201d, kiedy to biskup krakowski Wojciech Jastrz\u0119biec buduje w miejscu drewnianego, murowany ko\u015bci\u00f3\u0142 w Beszowej, wyposa\u017caj\u0105c go bogato w szaty, ksi\u0119gi i relikwie, tak\u017ce w dziesi\u0119ciny. Tak wyposa\u017cony ko\u015bci\u00f3\u0142 oddaje paulinom Cz\u0119stochowskim.<br>W Liber Beneficjorum (III 125-9) J. D\u0142ugosza czytamy dalej, \u017ce ju\u017c przed \u015bmierci\u0105 naby\u0142 dla klasztoru \u201ewioseczk\u0119 Byd\u0142ow\u0105\u201d, a dodatkowe tysi\u0105c grzywien z\u0142o\u017cy\u0142 na kupno wi\u0119kszej w\u0142o\u015bci w r\u0119ce bp krakowskiego Zbigniewa Ole\u015bnickiego, kt\u00f3rego zreszt\u0105 uczyni\u0142 egzekutorem swego testamentu.<br>Jakie by\u0142y losy Byd\u0142owy do 1466 nie bardzo wiadomo. Prawdopodobnie przesz\u0142a ona zn\u00f3w w r\u0119ce prywatne, skoro na ten rok datuje si\u0119 sprzeda\u017c wioski przez dzieci Pietruszki (w\u0142a\u015bciciela Beszowej), Janowi z Rytwian. Ten, roku 1478 zapisuje m.in. Byd\u0142ow\u0119 klasztorowi.<br>Wtedy prawdopodobnie postawi\u0142 klasztor kaplic\u0119 w Byd\u0142owej, do kt\u00f3rej ze Msz\u0105 \u015bw. Przyje\u017cdzali paulini. Dotrwa\u0142a ona na pewno do roku 1819, kiedy to klasztor w Beszowej skasowano. Hipoteza, \u017ce kaplica przesta\u0142a istnie\u0107 ju\u017c w 1667 roku, kiedy to w ramach inkorporacji skasowano ko\u015bci\u00f3\u0142 w Strzelcach \u2013 jest ma\u0142o prawdopodobna. Byd\u0142owa by\u0142a w\u0142asno\u015bci\u0105 klasztoru. Maj\u0105tki ko\u015bcielne i klasztorne to odr\u0119bne w\u0142asno\u015bci.<br>W \u015bredniowiecznych dokumentach mamy jeszcze jedn\u0105 wzmiank\u0119 dotycz\u0105c\u0105 wioski. W 1492 roku \u0141ukasz, m\u0142ynarz z Byd\u0142owej, sprzedaje m\u0142yn beszowskiemu przeorowi. To mog\u0142o wskazywa\u0107 na \u015bwieckie i klasztorne udzia\u0142y w wiosce. Tak\u017ce o jej zamo\u017cno\u015bci i atrakcyjno\u015bci skoro by\u0142a tak intratnym towarem.<br>Po roku 1819 by\u0142a w\u0142asno\u015bci\u0105 ko\u015bcio\u0142a w Beszowej. Nie ma jej w wykazach hipotecznych zmar\u0142ego hrabiego Ludwika Kalinowskiego sporz\u0105dzonych w 1833. R\u00f3wnie\u017c w aktach konsystorskich ko\u015bcio\u0142a z Ole\u015bnicy z roku 1833 nie figuruje nazwa Byd\u0142owa. W tabeli pobieranych dziesi\u0119cin zbo\u017cowych mamy tylko aneks \u2013 jedna rola.<br>Stan taki trwa\u0142 jeszcze przez XIX wiek. Maj\u0105tkowo, Byd\u0142owa do Ole\u015bnicy nigdy nie przynale\u017ca\u0142a.<br>W okresie mi\u0119dzywojennym Byd\u0142owa posiada\u0142a w\u0142asn\u0105 szko\u0142\u0119. Jej kierownikiem by\u0142 Jan Feronicz. W 1985 roku nie by\u0142o w niej ju\u017c nawet filii Szko\u0142y Podstawowej w Ole\u015bnicy. Dzi\u015b plac\u00f3wk\u0105 spe\u0142niaj\u0105c\u0105 rol\u0119 o\u015brodka kulturalnego jest remiza stra\u017cacka usytuowana na dawnym placu ko\u015bcielnym. Byd\u0142owa posiada w\u0142asny oddzia\u0142 Stra\u017cy Po\u017carnej.<br>Jak ka\u017cda wioska polska, Byd\u0142owa kurczy si\u0119. Dzi\u015b liczy ok. 80 os\u00f3b.<br><br><em>Teresa Roma\u0144ska-Fa\u015bciszewska,\u00a0&#8222;Ole\u015bnica&#8221;. Wydawnictwo ALLELUJA, Krak\u00f3w 2007, ISBN 978-83-89660-74-9<\/em><\/p>\n","protected":false},"excerpt":{"rendered":"<p>Byd\u0142owa powsta\u0142a razem z Ole\u015bnic\u0105, osad\u0105 woj\u00f3w jako wie\u015b s\u0142u\u017cebna. Zadaniem jej by\u0142a hodowla byd\u0142a. Byd\u0142owa zaopatrywa\u0142a rycerzy w produkty \u017cywno\u015bciowe i rzecz najistotniejsz\u0105, w suszone jelita zwierz\u0119ce s\u0142u\u017c\u0105ce do produkcji wszelkiego rodzaju kuszy.Stan prawny wioski zmienia si\u0119 w roku 1421, \u201ew dniu \u015bwi\u0119tej Doroty\u201d, kiedy to biskup krakowski Wojciech Jastrz\u0119biec buduje w miejscu drewnianego, [&hellip;]<\/p>\n","protected":false},"author":1,"featured_media":0,"parent":0,"menu_order":2,"comment_status":"closed","ping_status":"closed","template":"","meta":{"footnotes":""},"class_list":["post-44","page","type-page","status-publish","hentry"],"yoast_head":"<!-- This site is optimized with the Yoast SEO plugin v27.4 - https:\/\/yoast.com\/product\/yoast-seo-wordpress\/ -->\n<title>Historia - Byd\u0142owa.pl<\/title>\n<meta name=\"description\" content=\"Poznaj histori\u0119 wsi Byd\u0142owa po\u0142o\u017conej w wojew\u00f3dztwie \u015bwi\u0119tokrzyskim, w powiecie staszowskim, w gminie Ole\u015bnica nad brzegiem rzeki Wschodniej\" \/>\n<meta name=\"robots\" content=\"index, follow, max-snippet:-1, max-image-preview:large, max-video-preview:-1\" \/>\n<link rel=\"canonical\" href=\"https:\/\/bydlowa.pl\/index.php\/historia\/\" \/>\n<meta property=\"og:locale\" content=\"pl_PL\" \/>\n<meta property=\"og:type\" content=\"article\" \/>\n<meta property=\"og:title\" content=\"Historia - Byd\u0142owa.pl\" \/>\n<meta property=\"og:description\" content=\"Poznaj histori\u0119 wsi Byd\u0142owa po\u0142o\u017conej w wojew\u00f3dztwie \u015bwi\u0119tokrzyskim, w powiecie staszowskim, w gminie Ole\u015bnica nad brzegiem rzeki Wschodniej\" \/>\n<meta property=\"og:url\" content=\"https:\/\/bydlowa.pl\/index.php\/historia\/\" \/>\n<meta property=\"og:site_name\" content=\"Byd\u0142owa.pl\" \/>\n<meta property=\"article:publisher\" content=\"https:\/\/facebook.com\/61568533223262\/\" \/>\n<meta property=\"article:modified_time\" content=\"2025-10-27T09:27:56+00:00\" \/>\n<meta name=\"twitter:card\" content=\"summary_large_image\" \/>\n<meta name=\"twitter:label1\" content=\"Szacowany czas czytania\" \/>\n\t<meta name=\"twitter:data1\" content=\"3 minuty\" \/>\n<script type=\"application\/ld+json\" class=\"yoast-schema-graph\">{\"@context\":\"https:\\\/\\\/schema.org\",\"@graph\":[{\"@type\":\"WebPage\",\"@id\":\"https:\\\/\\\/bydlowa.pl\\\/index.php\\\/historia\\\/\",\"url\":\"https:\\\/\\\/bydlowa.pl\\\/index.php\\\/historia\\\/\",\"name\":\"Historia - Byd\u0142owa.pl\",\"isPartOf\":{\"@id\":\"https:\\\/\\\/bydlowa.pl\\\/#website\"},\"datePublished\":\"2025-09-23T17:21:23+00:00\",\"dateModified\":\"2025-10-27T09:27:56+00:00\",\"description\":\"Poznaj histori\u0119 wsi Byd\u0142owa po\u0142o\u017conej w wojew\u00f3dztwie \u015bwi\u0119tokrzyskim, w powiecie staszowskim, w gminie Ole\u015bnica nad brzegiem rzeki Wschodniej\",\"breadcrumb\":{\"@id\":\"https:\\\/\\\/bydlowa.pl\\\/index.php\\\/historia\\\/#breadcrumb\"},\"inLanguage\":\"pl-PL\",\"potentialAction\":[{\"@type\":\"ReadAction\",\"target\":[\"https:\\\/\\\/bydlowa.pl\\\/index.php\\\/historia\\\/\"]}]},{\"@type\":\"BreadcrumbList\",\"@id\":\"https:\\\/\\\/bydlowa.pl\\\/index.php\\\/historia\\\/#breadcrumb\",\"itemListElement\":[{\"@type\":\"ListItem\",\"position\":1,\"name\":\"Strona g\u0142\u00f3wna\",\"item\":\"https:\\\/\\\/bydlowa.pl\\\/\"},{\"@type\":\"ListItem\",\"position\":2,\"name\":\"Historia\"}]},{\"@type\":\"WebSite\",\"@id\":\"https:\\\/\\\/bydlowa.pl\\\/#website\",\"url\":\"https:\\\/\\\/bydlowa.pl\\\/\",\"name\":\"Byd\u0142owa.pl\",\"description\":\"\",\"publisher\":{\"@id\":\"https:\\\/\\\/bydlowa.pl\\\/#organization\"},\"potentialAction\":[{\"@type\":\"SearchAction\",\"target\":{\"@type\":\"EntryPoint\",\"urlTemplate\":\"https:\\\/\\\/bydlowa.pl\\\/?s={search_term_string}\"},\"query-input\":{\"@type\":\"PropertyValueSpecification\",\"valueRequired\":true,\"valueName\":\"search_term_string\"}}],\"inLanguage\":\"pl-PL\"},{\"@type\":\"Organization\",\"@id\":\"https:\\\/\\\/bydlowa.pl\\\/#organization\",\"name\":\"Byd\u0142owa.pl\",\"url\":\"https:\\\/\\\/bydlowa.pl\\\/\",\"logo\":{\"@type\":\"ImageObject\",\"inLanguage\":\"pl-PL\",\"@id\":\"https:\\\/\\\/bydlowa.pl\\\/#\\\/schema\\\/logo\\\/image\\\/\",\"url\":\"https:\\\/\\\/bydlowa.pl\\\/wp-content\\\/uploads\\\/2025\\\/09\\\/bydlowa-logo.jpg\",\"contentUrl\":\"https:\\\/\\\/bydlowa.pl\\\/wp-content\\\/uploads\\\/2025\\\/09\\\/bydlowa-logo.jpg\",\"width\":378,\"height\":408,\"caption\":\"Byd\u0142owa.pl\"},\"image\":{\"@id\":\"https:\\\/\\\/bydlowa.pl\\\/#\\\/schema\\\/logo\\\/image\\\/\"},\"sameAs\":[\"https:\\\/\\\/facebook.com\\\/61568533223262\\\/\"]}]}<\/script>\n<!-- \/ Yoast SEO plugin. -->","yoast_head_json":{"title":"Historia - Byd\u0142owa.pl","description":"Poznaj histori\u0119 wsi Byd\u0142owa po\u0142o\u017conej w wojew\u00f3dztwie \u015bwi\u0119tokrzyskim, w powiecie staszowskim, w gminie Ole\u015bnica nad brzegiem rzeki Wschodniej","robots":{"index":"index","follow":"follow","max-snippet":"max-snippet:-1","max-image-preview":"max-image-preview:large","max-video-preview":"max-video-preview:-1"},"canonical":"https:\/\/bydlowa.pl\/index.php\/historia\/","og_locale":"pl_PL","og_type":"article","og_title":"Historia - Byd\u0142owa.pl","og_description":"Poznaj histori\u0119 wsi Byd\u0142owa po\u0142o\u017conej w wojew\u00f3dztwie \u015bwi\u0119tokrzyskim, w powiecie staszowskim, w gminie Ole\u015bnica nad brzegiem rzeki Wschodniej","og_url":"https:\/\/bydlowa.pl\/index.php\/historia\/","og_site_name":"Byd\u0142owa.pl","article_publisher":"https:\/\/facebook.com\/61568533223262\/","article_modified_time":"2025-10-27T09:27:56+00:00","twitter_card":"summary_large_image","twitter_misc":{"Szacowany czas czytania":"3 minuty"},"schema":{"@context":"https:\/\/schema.org","@graph":[{"@type":"WebPage","@id":"https:\/\/bydlowa.pl\/index.php\/historia\/","url":"https:\/\/bydlowa.pl\/index.php\/historia\/","name":"Historia - Byd\u0142owa.pl","isPartOf":{"@id":"https:\/\/bydlowa.pl\/#website"},"datePublished":"2025-09-23T17:21:23+00:00","dateModified":"2025-10-27T09:27:56+00:00","description":"Poznaj histori\u0119 wsi Byd\u0142owa po\u0142o\u017conej w wojew\u00f3dztwie \u015bwi\u0119tokrzyskim, w powiecie staszowskim, w gminie Ole\u015bnica nad brzegiem rzeki Wschodniej","breadcrumb":{"@id":"https:\/\/bydlowa.pl\/index.php\/historia\/#breadcrumb"},"inLanguage":"pl-PL","potentialAction":[{"@type":"ReadAction","target":["https:\/\/bydlowa.pl\/index.php\/historia\/"]}]},{"@type":"BreadcrumbList","@id":"https:\/\/bydlowa.pl\/index.php\/historia\/#breadcrumb","itemListElement":[{"@type":"ListItem","position":1,"name":"Strona g\u0142\u00f3wna","item":"https:\/\/bydlowa.pl\/"},{"@type":"ListItem","position":2,"name":"Historia"}]},{"@type":"WebSite","@id":"https:\/\/bydlowa.pl\/#website","url":"https:\/\/bydlowa.pl\/","name":"Byd\u0142owa.pl","description":"","publisher":{"@id":"https:\/\/bydlowa.pl\/#organization"},"potentialAction":[{"@type":"SearchAction","target":{"@type":"EntryPoint","urlTemplate":"https:\/\/bydlowa.pl\/?s={search_term_string}"},"query-input":{"@type":"PropertyValueSpecification","valueRequired":true,"valueName":"search_term_string"}}],"inLanguage":"pl-PL"},{"@type":"Organization","@id":"https:\/\/bydlowa.pl\/#organization","name":"Byd\u0142owa.pl","url":"https:\/\/bydlowa.pl\/","logo":{"@type":"ImageObject","inLanguage":"pl-PL","@id":"https:\/\/bydlowa.pl\/#\/schema\/logo\/image\/","url":"https:\/\/bydlowa.pl\/wp-content\/uploads\/2025\/09\/bydlowa-logo.jpg","contentUrl":"https:\/\/bydlowa.pl\/wp-content\/uploads\/2025\/09\/bydlowa-logo.jpg","width":378,"height":408,"caption":"Byd\u0142owa.pl"},"image":{"@id":"https:\/\/bydlowa.pl\/#\/schema\/logo\/image\/"},"sameAs":["https:\/\/facebook.com\/61568533223262\/"]}]}},"_links":{"self":[{"href":"https:\/\/bydlowa.pl\/index.php\/wp-json\/wp\/v2\/pages\/44","targetHints":{"allow":["GET"]}}],"collection":[{"href":"https:\/\/bydlowa.pl\/index.php\/wp-json\/wp\/v2\/pages"}],"about":[{"href":"https:\/\/bydlowa.pl\/index.php\/wp-json\/wp\/v2\/types\/page"}],"author":[{"embeddable":true,"href":"https:\/\/bydlowa.pl\/index.php\/wp-json\/wp\/v2\/users\/1"}],"replies":[{"embeddable":true,"href":"https:\/\/bydlowa.pl\/index.php\/wp-json\/wp\/v2\/comments?post=44"}],"version-history":[{"count":1,"href":"https:\/\/bydlowa.pl\/index.php\/wp-json\/wp\/v2\/pages\/44\/revisions"}],"predecessor-version":[{"id":45,"href":"https:\/\/bydlowa.pl\/index.php\/wp-json\/wp\/v2\/pages\/44\/revisions\/45"}],"wp:attachment":[{"href":"https:\/\/bydlowa.pl\/index.php\/wp-json\/wp\/v2\/media?parent=44"}],"curies":[{"name":"wp","href":"https:\/\/api.w.org\/{rel}","templated":true}]}}