{"id":57,"date":"2025-09-23T17:51:30","date_gmt":"2025-09-23T17:51:30","guid":{"rendered":"https:\/\/bydlowa.pl\/?page_id=57"},"modified":"2025-10-27T09:28:24","modified_gmt":"2025-10-27T09:28:24","slug":"galeria","status":"publish","type":"page","link":"https:\/\/bydlowa.pl\/index.php\/galeria\/","title":{"rendered":"Galeria"},"content":{"rendered":"\n<p>Zima<\/p>\n\n\n\n<figure class=\"wp-block-gallery has-nested-images columns-default is-cropped wp-block-gallery-1 is-layout-flex wp-block-gallery-is-layout-flex\">\n<figure class=\"wp-block-image size-large\"><a href=\"https:\/\/bydlowa.pl\/wp-content\/uploads\/2025\/09\/obraz_006.jpg\"><img loading=\"lazy\" decoding=\"async\" width=\"1024\" height=\"684\" data-id=\"73\" src=\"https:\/\/bydlowa.pl\/wp-content\/uploads\/2025\/09\/obraz_006.jpg\" alt=\"\" class=\"wp-image-73\" srcset=\"https:\/\/bydlowa.pl\/wp-content\/uploads\/2025\/09\/obraz_006.jpg 1024w, https:\/\/bydlowa.pl\/wp-content\/uploads\/2025\/09\/obraz_006-300x200.jpg 300w, https:\/\/bydlowa.pl\/wp-content\/uploads\/2025\/09\/obraz_006-768x513.jpg 768w\" sizes=\"auto, (max-width: 1024px) 100vw, 1024px\" \/><\/a><\/figure>\n\n\n\n<figure class=\"wp-block-image size-large\"><a href=\"https:\/\/bydlowa.pl\/wp-content\/uploads\/2025\/09\/obraz_010.jpg\"><img loading=\"lazy\" decoding=\"async\" width=\"1024\" height=\"684\" data-id=\"74\" src=\"https:\/\/bydlowa.pl\/wp-content\/uploads\/2025\/09\/obraz_010.jpg\" alt=\"\" class=\"wp-image-74\" srcset=\"https:\/\/bydlowa.pl\/wp-content\/uploads\/2025\/09\/obraz_010.jpg 1024w, https:\/\/bydlowa.pl\/wp-content\/uploads\/2025\/09\/obraz_010-300x200.jpg 300w, https:\/\/bydlowa.pl\/wp-content\/uploads\/2025\/09\/obraz_010-768x513.jpg 768w\" sizes=\"auto, (max-width: 1024px) 100vw, 1024px\" \/><\/a><\/figure>\n\n\n\n<figure class=\"wp-block-image size-large\"><a href=\"https:\/\/bydlowa.pl\/wp-content\/uploads\/2025\/09\/obraz_011_easyhdr.jpg\"><img loading=\"lazy\" decoding=\"async\" width=\"684\" height=\"1024\" data-id=\"75\" src=\"https:\/\/bydlowa.pl\/wp-content\/uploads\/2025\/09\/obraz_011_easyhdr.jpg\" alt=\"\" class=\"wp-image-75\" srcset=\"https:\/\/bydlowa.pl\/wp-content\/uploads\/2025\/09\/obraz_011_easyhdr.jpg 684w, https:\/\/bydlowa.pl\/wp-content\/uploads\/2025\/09\/obraz_011_easyhdr-200x300.jpg 200w\" sizes=\"auto, (max-width: 684px) 100vw, 684px\" \/><\/a><\/figure>\n\n\n\n<figure class=\"wp-block-image size-large\"><a href=\"https:\/\/bydlowa.pl\/wp-content\/uploads\/2025\/09\/obraz_013_easyhdr.jpg\"><img loading=\"lazy\" decoding=\"async\" width=\"1024\" height=\"684\" data-id=\"83\" src=\"https:\/\/bydlowa.pl\/wp-content\/uploads\/2025\/09\/obraz_013_easyhdr.jpg\" alt=\"\" class=\"wp-image-83\" srcset=\"https:\/\/bydlowa.pl\/wp-content\/uploads\/2025\/09\/obraz_013_easyhdr.jpg 1024w, https:\/\/bydlowa.pl\/wp-content\/uploads\/2025\/09\/obraz_013_easyhdr-300x200.jpg 300w, https:\/\/bydlowa.pl\/wp-content\/uploads\/2025\/09\/obraz_013_easyhdr-768x513.jpg 768w\" sizes=\"auto, (max-width: 1024px) 100vw, 1024px\" \/><\/a><\/figure>\n\n\n\n<figure class=\"wp-block-image size-large\"><a href=\"https:\/\/bydlowa.pl\/wp-content\/uploads\/2025\/09\/obraz_017_easyhdr.jpg\"><img loading=\"lazy\" decoding=\"async\" width=\"1024\" height=\"684\" data-id=\"85\" src=\"https:\/\/bydlowa.pl\/wp-content\/uploads\/2025\/09\/obraz_017_easyhdr.jpg\" alt=\"\" class=\"wp-image-85\" srcset=\"https:\/\/bydlowa.pl\/wp-content\/uploads\/2025\/09\/obraz_017_easyhdr.jpg 1024w, https:\/\/bydlowa.pl\/wp-content\/uploads\/2025\/09\/obraz_017_easyhdr-300x200.jpg 300w, https:\/\/bydlowa.pl\/wp-content\/uploads\/2025\/09\/obraz_017_easyhdr-768x513.jpg 768w\" sizes=\"auto, (max-width: 1024px) 100vw, 1024px\" \/><\/a><\/figure>\n\n\n\n<figure class=\"wp-block-image size-large\"><a href=\"https:\/\/bydlowa.pl\/wp-content\/uploads\/2025\/09\/obraz_023_easyhdr.jpg\"><img loading=\"lazy\" decoding=\"async\" width=\"684\" height=\"1024\" data-id=\"80\" src=\"https:\/\/bydlowa.pl\/wp-content\/uploads\/2025\/09\/obraz_023_easyhdr.jpg\" alt=\"\" class=\"wp-image-80\" srcset=\"https:\/\/bydlowa.pl\/wp-content\/uploads\/2025\/09\/obraz_023_easyhdr.jpg 684w, https:\/\/bydlowa.pl\/wp-content\/uploads\/2025\/09\/obraz_023_easyhdr-200x300.jpg 200w\" sizes=\"auto, (max-width: 684px) 100vw, 684px\" \/><\/a><\/figure>\n\n\n\n<figure class=\"wp-block-image size-large\"><a href=\"https:\/\/bydlowa.pl\/wp-content\/uploads\/2025\/09\/obraz_025.jpg\"><img loading=\"lazy\" decoding=\"async\" width=\"1024\" height=\"684\" data-id=\"81\" src=\"https:\/\/bydlowa.pl\/wp-content\/uploads\/2025\/09\/obraz_025.jpg\" alt=\"\" class=\"wp-image-81\" srcset=\"https:\/\/bydlowa.pl\/wp-content\/uploads\/2025\/09\/obraz_025.jpg 1024w, https:\/\/bydlowa.pl\/wp-content\/uploads\/2025\/09\/obraz_025-300x200.jpg 300w, https:\/\/bydlowa.pl\/wp-content\/uploads\/2025\/09\/obraz_025-768x513.jpg 768w\" sizes=\"auto, (max-width: 1024px) 100vw, 1024px\" \/><\/a><\/figure>\n\n\n\n<figure class=\"wp-block-image size-large\"><a href=\"https:\/\/bydlowa.pl\/wp-content\/uploads\/2025\/09\/obraz_026.jpg\"><img loading=\"lazy\" decoding=\"async\" width=\"684\" height=\"1024\" data-id=\"76\" src=\"https:\/\/bydlowa.pl\/wp-content\/uploads\/2025\/09\/obraz_026.jpg\" alt=\"\" class=\"wp-image-76\" srcset=\"https:\/\/bydlowa.pl\/wp-content\/uploads\/2025\/09\/obraz_026.jpg 684w, https:\/\/bydlowa.pl\/wp-content\/uploads\/2025\/09\/obraz_026-200x300.jpg 200w\" sizes=\"auto, (max-width: 684px) 100vw, 684px\" \/><\/a><\/figure>\n\n\n\n<figure class=\"wp-block-image size-large\"><a href=\"https:\/\/bydlowa.pl\/wp-content\/uploads\/2025\/09\/obraz_028_easyhdr.jpg\"><img loading=\"lazy\" decoding=\"async\" width=\"684\" height=\"1024\" data-id=\"78\" src=\"https:\/\/bydlowa.pl\/wp-content\/uploads\/2025\/09\/obraz_028_easyhdr.jpg\" alt=\"\" class=\"wp-image-78\" srcset=\"https:\/\/bydlowa.pl\/wp-content\/uploads\/2025\/09\/obraz_028_easyhdr.jpg 684w, https:\/\/bydlowa.pl\/wp-content\/uploads\/2025\/09\/obraz_028_easyhdr-200x300.jpg 200w\" sizes=\"auto, (max-width: 684px) 100vw, 684px\" \/><\/a><\/figure>\n\n\n\n<figure class=\"wp-block-image size-large\"><a href=\"https:\/\/bydlowa.pl\/wp-content\/uploads\/2025\/09\/obraz_029.jpg\"><img loading=\"lazy\" decoding=\"async\" width=\"684\" height=\"1024\" data-id=\"79\" src=\"https:\/\/bydlowa.pl\/wp-content\/uploads\/2025\/09\/obraz_029.jpg\" alt=\"\" class=\"wp-image-79\" srcset=\"https:\/\/bydlowa.pl\/wp-content\/uploads\/2025\/09\/obraz_029.jpg 684w, https:\/\/bydlowa.pl\/wp-content\/uploads\/2025\/09\/obraz_029-200x300.jpg 200w\" sizes=\"auto, (max-width: 684px) 100vw, 684px\" \/><\/a><\/figure>\n\n\n\n<figure class=\"wp-block-image size-large\"><a href=\"https:\/\/bydlowa.pl\/wp-content\/uploads\/2025\/09\/obraz_030.jpg\"><img loading=\"lazy\" decoding=\"async\" width=\"684\" height=\"1024\" data-id=\"86\" src=\"https:\/\/bydlowa.pl\/wp-content\/uploads\/2025\/09\/obraz_030.jpg\" alt=\"\" class=\"wp-image-86\" srcset=\"https:\/\/bydlowa.pl\/wp-content\/uploads\/2025\/09\/obraz_030.jpg 684w, https:\/\/bydlowa.pl\/wp-content\/uploads\/2025\/09\/obraz_030-200x300.jpg 200w\" sizes=\"auto, (max-width: 684px) 100vw, 684px\" \/><\/a><\/figure>\n\n\n\n<figure class=\"wp-block-image size-large\"><a href=\"https:\/\/bydlowa.pl\/wp-content\/uploads\/2025\/09\/obraz_031.jpg\"><img loading=\"lazy\" decoding=\"async\" width=\"1024\" height=\"684\" data-id=\"84\" src=\"https:\/\/bydlowa.pl\/wp-content\/uploads\/2025\/09\/obraz_031.jpg\" alt=\"\" class=\"wp-image-84\" srcset=\"https:\/\/bydlowa.pl\/wp-content\/uploads\/2025\/09\/obraz_031.jpg 1024w, https:\/\/bydlowa.pl\/wp-content\/uploads\/2025\/09\/obraz_031-300x200.jpg 300w, https:\/\/bydlowa.pl\/wp-content\/uploads\/2025\/09\/obraz_031-768x513.jpg 768w\" sizes=\"auto, (max-width: 1024px) 100vw, 1024px\" \/><\/a><\/figure>\n\n\n\n<figure class=\"wp-block-image size-large\"><a href=\"https:\/\/bydlowa.pl\/wp-content\/uploads\/2025\/09\/obraz_032.jpg\"><img loading=\"lazy\" decoding=\"async\" width=\"684\" height=\"1024\" data-id=\"77\" src=\"https:\/\/bydlowa.pl\/wp-content\/uploads\/2025\/09\/obraz_032.jpg\" alt=\"\" class=\"wp-image-77\" srcset=\"https:\/\/bydlowa.pl\/wp-content\/uploads\/2025\/09\/obraz_032.jpg 684w, https:\/\/bydlowa.pl\/wp-content\/uploads\/2025\/09\/obraz_032-200x300.jpg 200w\" sizes=\"auto, (max-width: 684px) 100vw, 684px\" \/><\/a><\/figure>\n\n\n\n<figure class=\"wp-block-image size-large\"><a href=\"https:\/\/bydlowa.pl\/wp-content\/uploads\/2025\/09\/obraz_033-1.jpg\"><img loading=\"lazy\" decoding=\"async\" width=\"1024\" height=\"684\" data-id=\"82\" src=\"https:\/\/bydlowa.pl\/wp-content\/uploads\/2025\/09\/obraz_033-1.jpg\" alt=\"\" class=\"wp-image-82\" srcset=\"https:\/\/bydlowa.pl\/wp-content\/uploads\/2025\/09\/obraz_033-1.jpg 1024w, https:\/\/bydlowa.pl\/wp-content\/uploads\/2025\/09\/obraz_033-1-300x200.jpg 300w, https:\/\/bydlowa.pl\/wp-content\/uploads\/2025\/09\/obraz_033-1-768x513.jpg 768w\" sizes=\"auto, (max-width: 1024px) 100vw, 1024px\" \/><\/a><\/figure>\n<\/figure>\n\n\n\n<p>Lato<\/p>\n\n\n\n<figure class=\"wp-block-gallery has-nested-images columns-default is-cropped wp-block-gallery-2 is-layout-flex wp-block-gallery-is-layout-flex\">\n<figure class=\"wp-block-image size-large\"><a href=\"https:\/\/bydlowa.pl\/wp-content\/uploads\/2025\/09\/obraz_018.jpg\"><img loading=\"lazy\" decoding=\"async\" width=\"1024\" height=\"684\" data-id=\"61\" src=\"https:\/\/bydlowa.pl\/wp-content\/uploads\/2025\/09\/obraz_018.jpg\" alt=\"\" class=\"wp-image-61\" srcset=\"https:\/\/bydlowa.pl\/wp-content\/uploads\/2025\/09\/obraz_018.jpg 1024w, https:\/\/bydlowa.pl\/wp-content\/uploads\/2025\/09\/obraz_018-300x200.jpg 300w, https:\/\/bydlowa.pl\/wp-content\/uploads\/2025\/09\/obraz_018-768x513.jpg 768w\" sizes=\"auto, (max-width: 1024px) 100vw, 1024px\" \/><\/a><\/figure>\n\n\n\n<figure class=\"wp-block-image size-large\"><a href=\"https:\/\/bydlowa.pl\/wp-content\/uploads\/2025\/09\/obraz_019.jpg\"><img loading=\"lazy\" decoding=\"async\" width=\"1024\" height=\"684\" data-id=\"58\" src=\"https:\/\/bydlowa.pl\/wp-content\/uploads\/2025\/09\/obraz_019.jpg\" alt=\"\" class=\"wp-image-58\" srcset=\"https:\/\/bydlowa.pl\/wp-content\/uploads\/2025\/09\/obraz_019.jpg 1024w, https:\/\/bydlowa.pl\/wp-content\/uploads\/2025\/09\/obraz_019-300x200.jpg 300w, https:\/\/bydlowa.pl\/wp-content\/uploads\/2025\/09\/obraz_019-768x513.jpg 768w\" sizes=\"auto, (max-width: 1024px) 100vw, 1024px\" \/><\/a><\/figure>\n\n\n\n<figure class=\"wp-block-image size-large\"><a href=\"https:\/\/bydlowa.pl\/wp-content\/uploads\/2025\/09\/obraz_020.jpg\"><img loading=\"lazy\" decoding=\"async\" width=\"684\" height=\"1024\" data-id=\"64\" src=\"https:\/\/bydlowa.pl\/wp-content\/uploads\/2025\/09\/obraz_020.jpg\" alt=\"\" class=\"wp-image-64\" srcset=\"https:\/\/bydlowa.pl\/wp-content\/uploads\/2025\/09\/obraz_020.jpg 684w, https:\/\/bydlowa.pl\/wp-content\/uploads\/2025\/09\/obraz_020-200x300.jpg 200w\" sizes=\"auto, (max-width: 684px) 100vw, 684px\" \/><\/a><\/figure>\n\n\n\n<figure class=\"wp-block-image size-large\"><a href=\"https:\/\/bydlowa.pl\/wp-content\/uploads\/2025\/09\/obraz_024.jpg\"><img loading=\"lazy\" decoding=\"async\" width=\"1024\" height=\"684\" data-id=\"60\" src=\"https:\/\/bydlowa.pl\/wp-content\/uploads\/2025\/09\/obraz_024.jpg\" alt=\"\" class=\"wp-image-60\" srcset=\"https:\/\/bydlowa.pl\/wp-content\/uploads\/2025\/09\/obraz_024.jpg 1024w, https:\/\/bydlowa.pl\/wp-content\/uploads\/2025\/09\/obraz_024-300x200.jpg 300w, https:\/\/bydlowa.pl\/wp-content\/uploads\/2025\/09\/obraz_024-768x513.jpg 768w\" sizes=\"auto, (max-width: 1024px) 100vw, 1024px\" \/><\/a><\/figure>\n\n\n\n<figure class=\"wp-block-image size-large\"><a href=\"https:\/\/bydlowa.pl\/wp-content\/uploads\/2025\/09\/obraz_033.jpg\"><img loading=\"lazy\" decoding=\"async\" width=\"1024\" height=\"684\" data-id=\"72\" src=\"https:\/\/bydlowa.pl\/wp-content\/uploads\/2025\/09\/obraz_033.jpg\" alt=\"\" class=\"wp-image-72\" srcset=\"https:\/\/bydlowa.pl\/wp-content\/uploads\/2025\/09\/obraz_033.jpg 1024w, https:\/\/bydlowa.pl\/wp-content\/uploads\/2025\/09\/obraz_033-300x200.jpg 300w, https:\/\/bydlowa.pl\/wp-content\/uploads\/2025\/09\/obraz_033-768x513.jpg 768w\" sizes=\"auto, (max-width: 1024px) 100vw, 1024px\" \/><\/a><\/figure>\n\n\n\n<figure class=\"wp-block-image size-large\"><a href=\"https:\/\/bydlowa.pl\/wp-content\/uploads\/2025\/09\/obraz_035.jpg\"><img loading=\"lazy\" decoding=\"async\" width=\"1024\" height=\"684\" data-id=\"62\" src=\"https:\/\/bydlowa.pl\/wp-content\/uploads\/2025\/09\/obraz_035.jpg\" alt=\"\" class=\"wp-image-62\" srcset=\"https:\/\/bydlowa.pl\/wp-content\/uploads\/2025\/09\/obraz_035.jpg 1024w, https:\/\/bydlowa.pl\/wp-content\/uploads\/2025\/09\/obraz_035-300x200.jpg 300w, https:\/\/bydlowa.pl\/wp-content\/uploads\/2025\/09\/obraz_035-768x513.jpg 768w\" sizes=\"auto, (max-width: 1024px) 100vw, 1024px\" \/><\/a><\/figure>\n\n\n\n<figure class=\"wp-block-image size-large\"><a href=\"https:\/\/bydlowa.pl\/wp-content\/uploads\/2025\/09\/obraz_036.jpg\"><img loading=\"lazy\" decoding=\"async\" width=\"684\" height=\"1024\" data-id=\"63\" src=\"https:\/\/bydlowa.pl\/wp-content\/uploads\/2025\/09\/obraz_036.jpg\" alt=\"\" class=\"wp-image-63\" srcset=\"https:\/\/bydlowa.pl\/wp-content\/uploads\/2025\/09\/obraz_036.jpg 684w, https:\/\/bydlowa.pl\/wp-content\/uploads\/2025\/09\/obraz_036-200x300.jpg 200w\" sizes=\"auto, (max-width: 684px) 100vw, 684px\" \/><\/a><\/figure>\n\n\n\n<figure class=\"wp-block-image size-large\"><a href=\"https:\/\/bydlowa.pl\/wp-content\/uploads\/2025\/09\/obraz_045.jpg\"><img loading=\"lazy\" decoding=\"async\" width=\"684\" height=\"1024\" data-id=\"65\" src=\"https:\/\/bydlowa.pl\/wp-content\/uploads\/2025\/09\/obraz_045.jpg\" alt=\"\" class=\"wp-image-65\" srcset=\"https:\/\/bydlowa.pl\/wp-content\/uploads\/2025\/09\/obraz_045.jpg 684w, https:\/\/bydlowa.pl\/wp-content\/uploads\/2025\/09\/obraz_045-200x300.jpg 200w\" sizes=\"auto, (max-width: 684px) 100vw, 684px\" \/><\/a><\/figure>\n\n\n\n<figure class=\"wp-block-image size-large\"><a href=\"https:\/\/bydlowa.pl\/wp-content\/uploads\/2025\/09\/obraz_052.jpg\"><img loading=\"lazy\" decoding=\"async\" width=\"1024\" height=\"684\" data-id=\"66\" src=\"https:\/\/bydlowa.pl\/wp-content\/uploads\/2025\/09\/obraz_052.jpg\" alt=\"\" class=\"wp-image-66\" srcset=\"https:\/\/bydlowa.pl\/wp-content\/uploads\/2025\/09\/obraz_052.jpg 1024w, https:\/\/bydlowa.pl\/wp-content\/uploads\/2025\/09\/obraz_052-300x200.jpg 300w, https:\/\/bydlowa.pl\/wp-content\/uploads\/2025\/09\/obraz_052-768x513.jpg 768w\" sizes=\"auto, (max-width: 1024px) 100vw, 1024px\" \/><\/a><\/figure>\n\n\n\n<figure class=\"wp-block-image size-large\"><a href=\"https:\/\/bydlowa.pl\/wp-content\/uploads\/2025\/09\/obraz_053.jpg\"><img loading=\"lazy\" decoding=\"async\" width=\"684\" height=\"1024\" data-id=\"59\" src=\"https:\/\/bydlowa.pl\/wp-content\/uploads\/2025\/09\/obraz_053.jpg\" alt=\"\" class=\"wp-image-59\" srcset=\"https:\/\/bydlowa.pl\/wp-content\/uploads\/2025\/09\/obraz_053.jpg 684w, https:\/\/bydlowa.pl\/wp-content\/uploads\/2025\/09\/obraz_053-200x300.jpg 200w\" sizes=\"auto, (max-width: 684px) 100vw, 684px\" \/><\/a><\/figure>\n\n\n\n<figure class=\"wp-block-image size-large\"><a href=\"https:\/\/bydlowa.pl\/wp-content\/uploads\/2025\/09\/obraz_056.jpg\"><img loading=\"lazy\" decoding=\"async\" width=\"1024\" height=\"684\" data-id=\"70\" src=\"https:\/\/bydlowa.pl\/wp-content\/uploads\/2025\/09\/obraz_056.jpg\" alt=\"\" class=\"wp-image-70\" srcset=\"https:\/\/bydlowa.pl\/wp-content\/uploads\/2025\/09\/obraz_056.jpg 1024w, https:\/\/bydlowa.pl\/wp-content\/uploads\/2025\/09\/obraz_056-300x200.jpg 300w, https:\/\/bydlowa.pl\/wp-content\/uploads\/2025\/09\/obraz_056-768x513.jpg 768w\" sizes=\"auto, (max-width: 1024px) 100vw, 1024px\" \/><\/a><\/figure>\n\n\n\n<figure class=\"wp-block-image size-large\"><a href=\"https:\/\/bydlowa.pl\/wp-content\/uploads\/2025\/09\/obraz_057.jpg\"><img loading=\"lazy\" decoding=\"async\" width=\"1024\" height=\"684\" data-id=\"67\" src=\"https:\/\/bydlowa.pl\/wp-content\/uploads\/2025\/09\/obraz_057.jpg\" alt=\"\" class=\"wp-image-67\" srcset=\"https:\/\/bydlowa.pl\/wp-content\/uploads\/2025\/09\/obraz_057.jpg 1024w, https:\/\/bydlowa.pl\/wp-content\/uploads\/2025\/09\/obraz_057-300x200.jpg 300w, https:\/\/bydlowa.pl\/wp-content\/uploads\/2025\/09\/obraz_057-768x513.jpg 768w\" sizes=\"auto, (max-width: 1024px) 100vw, 1024px\" \/><\/a><\/figure>\n\n\n\n<figure class=\"wp-block-image size-large\"><a href=\"https:\/\/bydlowa.pl\/wp-content\/uploads\/2025\/09\/obraz_058.jpg\"><img loading=\"lazy\" decoding=\"async\" width=\"1024\" height=\"684\" data-id=\"68\" src=\"https:\/\/bydlowa.pl\/wp-content\/uploads\/2025\/09\/obraz_058.jpg\" alt=\"\" class=\"wp-image-68\" srcset=\"https:\/\/bydlowa.pl\/wp-content\/uploads\/2025\/09\/obraz_058.jpg 1024w, https:\/\/bydlowa.pl\/wp-content\/uploads\/2025\/09\/obraz_058-300x200.jpg 300w, https:\/\/bydlowa.pl\/wp-content\/uploads\/2025\/09\/obraz_058-768x513.jpg 768w\" sizes=\"auto, (max-width: 1024px) 100vw, 1024px\" \/><\/a><\/figure>\n\n\n\n<figure class=\"wp-block-image size-large\"><a href=\"https:\/\/bydlowa.pl\/wp-content\/uploads\/2025\/09\/obraz_082.jpg\"><img loading=\"lazy\" decoding=\"async\" width=\"1024\" height=\"684\" data-id=\"71\" src=\"https:\/\/bydlowa.pl\/wp-content\/uploads\/2025\/09\/obraz_082.jpg\" alt=\"\" class=\"wp-image-71\" srcset=\"https:\/\/bydlowa.pl\/wp-content\/uploads\/2025\/09\/obraz_082.jpg 1024w, https:\/\/bydlowa.pl\/wp-content\/uploads\/2025\/09\/obraz_082-300x200.jpg 300w, https:\/\/bydlowa.pl\/wp-content\/uploads\/2025\/09\/obraz_082-768x513.jpg 768w\" sizes=\"auto, (max-width: 1024px) 100vw, 1024px\" \/><\/a><\/figure>\n\n\n\n<figure class=\"wp-block-image size-large\"><a href=\"https:\/\/bydlowa.pl\/wp-content\/uploads\/2025\/09\/obraz_084.jpg\"><img loading=\"lazy\" decoding=\"async\" width=\"1024\" height=\"684\" data-id=\"69\" src=\"https:\/\/bydlowa.pl\/wp-content\/uploads\/2025\/09\/obraz_084.jpg\" alt=\"\" class=\"wp-image-69\" srcset=\"https:\/\/bydlowa.pl\/wp-content\/uploads\/2025\/09\/obraz_084.jpg 1024w, https:\/\/bydlowa.pl\/wp-content\/uploads\/2025\/09\/obraz_084-300x200.jpg 300w, https:\/\/bydlowa.pl\/wp-content\/uploads\/2025\/09\/obraz_084-768x513.jpg 768w\" sizes=\"auto, (max-width: 1024px) 100vw, 1024px\" \/><\/a><\/figure>\n<\/figure>\n","protected":false},"excerpt":{"rendered":"<p>Zima Lato<\/p>\n","protected":false},"author":1,"featured_media":0,"parent":0,"menu_order":3,"comment_status":"closed","ping_status":"closed","template":"","meta":{"footnotes":""},"class_list":["post-57","page","type-page","status-publish","hentry"],"yoast_head":"<!-- This site is optimized with the Yoast SEO plugin v27.4 - https:\/\/yoast.com\/product\/yoast-seo-wordpress\/ -->\n<title>Galeria - Byd\u0142owa.pl<\/title>\n<meta name=\"description\" content=\"Zapraszamy do zapoznania si\u0119 z zdj\u0119ciami pokazuj\u0105cymi wie\u015b Byd\u0142owa\" \/>\n<meta name=\"robots\" content=\"index, follow, max-snippet:-1, max-image-preview:large, max-video-preview:-1\" \/>\n<link rel=\"canonical\" href=\"https:\/\/bydlowa.pl\/index.php\/galeria\/\" \/>\n<meta property=\"og:locale\" content=\"pl_PL\" \/>\n<meta property=\"og:type\" content=\"article\" \/>\n<meta property=\"og:title\" content=\"Galeria - Byd\u0142owa.pl\" \/>\n<meta property=\"og:description\" content=\"Zapraszamy do zapoznania si\u0119 z zdj\u0119ciami pokazuj\u0105cymi wie\u015b Byd\u0142owa\" \/>\n<meta property=\"og:url\" content=\"https:\/\/bydlowa.pl\/index.php\/galeria\/\" \/>\n<meta property=\"og:site_name\" content=\"Byd\u0142owa.pl\" \/>\n<meta property=\"article:publisher\" content=\"https:\/\/facebook.com\/61568533223262\/\" \/>\n<meta property=\"article:modified_time\" content=\"2025-10-27T09:28:24+00:00\" \/>\n<meta property=\"og:image\" content=\"https:\/\/bydlowa.pl\/wp-content\/uploads\/2025\/09\/obraz_006.jpg\" \/>\n\t<meta property=\"og:image:width\" content=\"1024\" \/>\n\t<meta property=\"og:image:height\" content=\"684\" \/>\n\t<meta property=\"og:image:type\" content=\"image\/jpeg\" \/>\n<meta name=\"twitter:card\" content=\"summary_large_image\" \/>\n<meta name=\"twitter:label1\" content=\"Szacowany czas czytania\" \/>\n\t<meta name=\"twitter:data1\" content=\"6 minut\" \/>\n<script type=\"application\/ld+json\" class=\"yoast-schema-graph\">{\"@context\":\"https:\\\/\\\/schema.org\",\"@graph\":[{\"@type\":\"WebPage\",\"@id\":\"https:\\\/\\\/bydlowa.pl\\\/index.php\\\/galeria\\\/\",\"url\":\"https:\\\/\\\/bydlowa.pl\\\/index.php\\\/galeria\\\/\",\"name\":\"Galeria - Byd\u0142owa.pl\",\"isPartOf\":{\"@id\":\"https:\\\/\\\/bydlowa.pl\\\/#website\"},\"primaryImageOfPage\":{\"@id\":\"https:\\\/\\\/bydlowa.pl\\\/index.php\\\/galeria\\\/#primaryimage\"},\"image\":{\"@id\":\"https:\\\/\\\/bydlowa.pl\\\/index.php\\\/galeria\\\/#primaryimage\"},\"thumbnailUrl\":\"https:\\\/\\\/bydlowa.pl\\\/wp-content\\\/uploads\\\/2025\\\/09\\\/obraz_006.jpg\",\"datePublished\":\"2025-09-23T17:51:30+00:00\",\"dateModified\":\"2025-10-27T09:28:24+00:00\",\"description\":\"Zapraszamy do zapoznania si\u0119 z zdj\u0119ciami pokazuj\u0105cymi wie\u015b Byd\u0142owa\",\"breadcrumb\":{\"@id\":\"https:\\\/\\\/bydlowa.pl\\\/index.php\\\/galeria\\\/#breadcrumb\"},\"inLanguage\":\"pl-PL\",\"potentialAction\":[{\"@type\":\"ReadAction\",\"target\":[\"https:\\\/\\\/bydlowa.pl\\\/index.php\\\/galeria\\\/\"]}]},{\"@type\":\"ImageObject\",\"inLanguage\":\"pl-PL\",\"@id\":\"https:\\\/\\\/bydlowa.pl\\\/index.php\\\/galeria\\\/#primaryimage\",\"url\":\"https:\\\/\\\/bydlowa.pl\\\/wp-content\\\/uploads\\\/2025\\\/09\\\/obraz_006.jpg\",\"contentUrl\":\"https:\\\/\\\/bydlowa.pl\\\/wp-content\\\/uploads\\\/2025\\\/09\\\/obraz_006.jpg\",\"width\":1024,\"height\":684},{\"@type\":\"BreadcrumbList\",\"@id\":\"https:\\\/\\\/bydlowa.pl\\\/index.php\\\/galeria\\\/#breadcrumb\",\"itemListElement\":[{\"@type\":\"ListItem\",\"position\":1,\"name\":\"Strona g\u0142\u00f3wna\",\"item\":\"https:\\\/\\\/bydlowa.pl\\\/\"},{\"@type\":\"ListItem\",\"position\":2,\"name\":\"Galeria\"}]},{\"@type\":\"WebSite\",\"@id\":\"https:\\\/\\\/bydlowa.pl\\\/#website\",\"url\":\"https:\\\/\\\/bydlowa.pl\\\/\",\"name\":\"Byd\u0142owa.pl\",\"description\":\"\",\"publisher\":{\"@id\":\"https:\\\/\\\/bydlowa.pl\\\/#organization\"},\"potentialAction\":[{\"@type\":\"SearchAction\",\"target\":{\"@type\":\"EntryPoint\",\"urlTemplate\":\"https:\\\/\\\/bydlowa.pl\\\/?s={search_term_string}\"},\"query-input\":{\"@type\":\"PropertyValueSpecification\",\"valueRequired\":true,\"valueName\":\"search_term_string\"}}],\"inLanguage\":\"pl-PL\"},{\"@type\":\"Organization\",\"@id\":\"https:\\\/\\\/bydlowa.pl\\\/#organization\",\"name\":\"Byd\u0142owa.pl\",\"url\":\"https:\\\/\\\/bydlowa.pl\\\/\",\"logo\":{\"@type\":\"ImageObject\",\"inLanguage\":\"pl-PL\",\"@id\":\"https:\\\/\\\/bydlowa.pl\\\/#\\\/schema\\\/logo\\\/image\\\/\",\"url\":\"https:\\\/\\\/bydlowa.pl\\\/wp-content\\\/uploads\\\/2025\\\/09\\\/bydlowa-logo.jpg\",\"contentUrl\":\"https:\\\/\\\/bydlowa.pl\\\/wp-content\\\/uploads\\\/2025\\\/09\\\/bydlowa-logo.jpg\",\"width\":378,\"height\":408,\"caption\":\"Byd\u0142owa.pl\"},\"image\":{\"@id\":\"https:\\\/\\\/bydlowa.pl\\\/#\\\/schema\\\/logo\\\/image\\\/\"},\"sameAs\":[\"https:\\\/\\\/facebook.com\\\/61568533223262\\\/\"]}]}<\/script>\n<!-- \/ Yoast SEO plugin. -->","yoast_head_json":{"title":"Galeria - Byd\u0142owa.pl","description":"Zapraszamy do zapoznania si\u0119 z zdj\u0119ciami pokazuj\u0105cymi wie\u015b Byd\u0142owa","robots":{"index":"index","follow":"follow","max-snippet":"max-snippet:-1","max-image-preview":"max-image-preview:large","max-video-preview":"max-video-preview:-1"},"canonical":"https:\/\/bydlowa.pl\/index.php\/galeria\/","og_locale":"pl_PL","og_type":"article","og_title":"Galeria - Byd\u0142owa.pl","og_description":"Zapraszamy do zapoznania si\u0119 z zdj\u0119ciami pokazuj\u0105cymi wie\u015b Byd\u0142owa","og_url":"https:\/\/bydlowa.pl\/index.php\/galeria\/","og_site_name":"Byd\u0142owa.pl","article_publisher":"https:\/\/facebook.com\/61568533223262\/","article_modified_time":"2025-10-27T09:28:24+00:00","og_image":[{"width":1024,"height":684,"url":"https:\/\/bydlowa.pl\/wp-content\/uploads\/2025\/09\/obraz_006.jpg","type":"image\/jpeg"}],"twitter_card":"summary_large_image","twitter_misc":{"Szacowany czas czytania":"6 minut"},"schema":{"@context":"https:\/\/schema.org","@graph":[{"@type":"WebPage","@id":"https:\/\/bydlowa.pl\/index.php\/galeria\/","url":"https:\/\/bydlowa.pl\/index.php\/galeria\/","name":"Galeria - Byd\u0142owa.pl","isPartOf":{"@id":"https:\/\/bydlowa.pl\/#website"},"primaryImageOfPage":{"@id":"https:\/\/bydlowa.pl\/index.php\/galeria\/#primaryimage"},"image":{"@id":"https:\/\/bydlowa.pl\/index.php\/galeria\/#primaryimage"},"thumbnailUrl":"https:\/\/bydlowa.pl\/wp-content\/uploads\/2025\/09\/obraz_006.jpg","datePublished":"2025-09-23T17:51:30+00:00","dateModified":"2025-10-27T09:28:24+00:00","description":"Zapraszamy do zapoznania si\u0119 z zdj\u0119ciami pokazuj\u0105cymi wie\u015b Byd\u0142owa","breadcrumb":{"@id":"https:\/\/bydlowa.pl\/index.php\/galeria\/#breadcrumb"},"inLanguage":"pl-PL","potentialAction":[{"@type":"ReadAction","target":["https:\/\/bydlowa.pl\/index.php\/galeria\/"]}]},{"@type":"ImageObject","inLanguage":"pl-PL","@id":"https:\/\/bydlowa.pl\/index.php\/galeria\/#primaryimage","url":"https:\/\/bydlowa.pl\/wp-content\/uploads\/2025\/09\/obraz_006.jpg","contentUrl":"https:\/\/bydlowa.pl\/wp-content\/uploads\/2025\/09\/obraz_006.jpg","width":1024,"height":684},{"@type":"BreadcrumbList","@id":"https:\/\/bydlowa.pl\/index.php\/galeria\/#breadcrumb","itemListElement":[{"@type":"ListItem","position":1,"name":"Strona g\u0142\u00f3wna","item":"https:\/\/bydlowa.pl\/"},{"@type":"ListItem","position":2,"name":"Galeria"}]},{"@type":"WebSite","@id":"https:\/\/bydlowa.pl\/#website","url":"https:\/\/bydlowa.pl\/","name":"Byd\u0142owa.pl","description":"","publisher":{"@id":"https:\/\/bydlowa.pl\/#organization"},"potentialAction":[{"@type":"SearchAction","target":{"@type":"EntryPoint","urlTemplate":"https:\/\/bydlowa.pl\/?s={search_term_string}"},"query-input":{"@type":"PropertyValueSpecification","valueRequired":true,"valueName":"search_term_string"}}],"inLanguage":"pl-PL"},{"@type":"Organization","@id":"https:\/\/bydlowa.pl\/#organization","name":"Byd\u0142owa.pl","url":"https:\/\/bydlowa.pl\/","logo":{"@type":"ImageObject","inLanguage":"pl-PL","@id":"https:\/\/bydlowa.pl\/#\/schema\/logo\/image\/","url":"https:\/\/bydlowa.pl\/wp-content\/uploads\/2025\/09\/bydlowa-logo.jpg","contentUrl":"https:\/\/bydlowa.pl\/wp-content\/uploads\/2025\/09\/bydlowa-logo.jpg","width":378,"height":408,"caption":"Byd\u0142owa.pl"},"image":{"@id":"https:\/\/bydlowa.pl\/#\/schema\/logo\/image\/"},"sameAs":["https:\/\/facebook.com\/61568533223262\/"]}]}},"_links":{"self":[{"href":"https:\/\/bydlowa.pl\/index.php\/wp-json\/wp\/v2\/pages\/57","targetHints":{"allow":["GET"]}}],"collection":[{"href":"https:\/\/bydlowa.pl\/index.php\/wp-json\/wp\/v2\/pages"}],"about":[{"href":"https:\/\/bydlowa.pl\/index.php\/wp-json\/wp\/v2\/types\/page"}],"author":[{"embeddable":true,"href":"https:\/\/bydlowa.pl\/index.php\/wp-json\/wp\/v2\/users\/1"}],"replies":[{"embeddable":true,"href":"https:\/\/bydlowa.pl\/index.php\/wp-json\/wp\/v2\/comments?post=57"}],"version-history":[{"count":2,"href":"https:\/\/bydlowa.pl\/index.php\/wp-json\/wp\/v2\/pages\/57\/revisions"}],"predecessor-version":[{"id":126,"href":"https:\/\/bydlowa.pl\/index.php\/wp-json\/wp\/v2\/pages\/57\/revisions\/126"}],"wp:attachment":[{"href":"https:\/\/bydlowa.pl\/index.php\/wp-json\/wp\/v2\/media?parent=57"}],"curies":[{"name":"wp","href":"https:\/\/api.w.org\/{rel}","templated":true}]}}